{"id":85,"date":"2016-08-25T16:20:19","date_gmt":"2016-08-25T14:20:19","guid":{"rendered":"http:\/\/ozone2.dev4omis.com\/?page_id=85"},"modified":"2018-08-15T17:29:19","modified_gmt":"2018-08-15T16:29:19","slug":"nos-moyens-humains","status":"publish","type":"page","link":"http:\/\/ozone.ma\/en\/nos-moyens-humains\/","title":{"rendered":"Nos moyens humains"},"content":{"rendered":"<div class=\"full block\">\n<p>Pionnier du domaine de la gestion int\u00e9gr\u00e9e des d\u00e9chets m\u00e9nagers, le Groupe Ozone est conscient de son r\u00f4le social de premier plan dans la vie quotidienne de ses collaborateurs, raison pour laquelle le groupe d\u00e9finit sa responsabilit\u00e9 soci\u00e9tale autour de 4 axes majeurs\u00a0:<\/p>\n<ul>\n<li>P\u00e9renniser et stabiliser l\u2019emploi de ses collaborateurs.<\/li>\n<li>Am\u00e9liorer de mani\u00e8re continue la s\u00e9curit\u00e9 et la sant\u00e9 au travail de ses collaborateurs sur le terrain.<\/li>\n<li>Placer l\u2019\u00e9l\u00e9ment Humain au c\u0153ur de la r\u00e9flexion strat\u00e9gique du Groupe.<\/li>\n<li>Offrir l\u2019\u00e9quit\u00e9 \u00e0 l\u2019ensemble de nos collaborateurs dans un cadre solidaire.<\/li>\n<\/ul>\n<\/div>\n<hr \/>\n<h2>Notre Politique de Ressources Humaines<\/h2>\n<div id=\"pzl\">\n<ul class=\"pzl\">\n<li><img loading=\"lazy\" class=\"alignnone size-full wp-image-90\" src=\"http:\/\/ozone2.dev4omis.com\/wp-content\/uploads\/2016\/08\/psv.png\" alt=\"psv\" width=\"228\" height=\"290\" \/>\n<div>S\u00e9lectionner<br \/>\nle bon profil<\/div>\n<\/li>\n<li><img loading=\"lazy\" class=\"alignnone size-full wp-image-86\" src=\"http:\/\/ozone2.dev4omis.com\/wp-content\/uploads\/2016\/08\/psb.png\" alt=\"psb\" width=\"291\" height=\"243\" \/>\n<div>Former et int\u00e9grer<\/div>\n<\/li>\n<li><img loading=\"lazy\" class=\"alignnone size-full wp-image-87\" src=\"http:\/\/ozone2.dev4omis.com\/wp-content\/uploads\/2016\/08\/pso.png\" alt=\"pso\" width=\"291\" height=\"240\" \/>\n<div>Retenir &amp; fid\u00e9liser<\/div>\n<\/li>\n<li><img loading=\"lazy\" class=\"alignnone size-full wp-image-88\" src=\"http:\/\/ozone2.dev4omis.com\/wp-content\/uploads\/2016\/08\/psr.png\" alt=\"psr\" width=\"291\" height=\"243\" \/>\n<div>Faire \u00e9voluer<\/div>\n<\/li>\n<li><img loading=\"lazy\" class=\"alignnone size-full wp-image-89\" src=\"http:\/\/ozone2.dev4omis.com\/wp-content\/uploads\/2016\/08\/pss.png\" alt=\"pss\" width=\"291\" height=\"285\" \/>\n<div>Reconna\u00eetre la performance<\/div>\n<\/li>\n<\/ul>\n<p><!--<\/ul>\n\n\n\n\n<div><\/div>\n\n\n\n\n<ul class=\"pzl\">\n\n\n<ul class=\"pzl\">\n \t\n\n<li><span style=\"color: #f7916b;\">Retenir &amp; fid\u00e9liser<\/span>\n<img loading=\"lazy\" class=\"alignnone size-full wp-image-88\" src=\"http:\/\/ozone2.dev4omis.com\/wp-content\/uploads\/2016\/08\/psr.png\" alt=\"psr\" width=\"291\" height=\"243\" \/><\/li>\n\n\n<\/ul>\n\n\n<\/ul>\n\n\n\n\n<div><\/div>\n\n\n\n\n<ul class=\"pzl\">\n \t\n\n<li><span style=\"color: #cf77b1;\">Faire \u00e9voluer<\/span>\n<img loading=\"lazy\" class=\"alignnone size-full wp-image-89\" src=\"http:\/\/ozone2.dev4omis.com\/wp-content\/uploads\/2016\/08\/pss.png\" alt=\"pss\" width=\"291\" height=\"285\" \/><\/li>\n\n\n<\/ul>\n\n\nReconna\u00eetre la performance\n\n<\/div>\n\n\n--><\/p>\n<hr \/>\n<h2>Campus Ozone Environnement<\/h2>\n<p>Afin d\u2019anticiper et d\u2019accompagner l\u2019\u00e9volution de ses m\u00e9tiers et les besoins sp\u00e9cifiques de ses populations, le Groupe Ozone\u00a0 met l\u2019accent en priorit\u00e9 sur la formation et la promotion interne pour l\u2019ensemble de ses collaborateurs. De ce fait, un programme multidisciplinaire a \u00e9t\u00e9 mis en place nomm\u00e9 \u00ab\u00a0Campus Ozone Environnement\u00a0\u00bb, dont le but est d\u2019offrir \u00e0 l\u2019ensemble du personnel, toute cat\u00e9gorie socio-professionnelle confondue, l\u2019opportunit\u00e9 de d\u00e9velopper leurs comp\u00e9tences et faire \u00e9voluer leur savoir-faire.<\/p>\n<p>Au service de l\u2019ensemble du personnel du groupe Ozone, ce programme multidisciplinaire de formation continue int\u00e9resse autant les directeurs et responsables de nos exploitations que leurs \u00e9quipes sur le terrain. Il permet de mettre \u00e0 disposition de nos directeurs les outils n\u00e9cessaires pour d\u00e9velopper leurs comp\u00e9tences manag\u00e9riales et offrir aux \u00e9quipes les pr\u00e9requis techniques et dispositifs technologiques n\u00e9cessaires au bon suivi de l\u2019exploitation.<\/p>\n<div id='gallery-1' class='gallery galleryid-85 gallery-columns-1 gallery-size-full'><figure class='gallery-item'>\n\t\t\t<div class='gallery-icon landscape'>\n\t\t\t\t<img width=\"1143\" height=\"424\" src=\"http:\/\/ozone.ma\/wp-content\/uploads\/2016\/08\/slider-humain.jpg\" class=\"attachment-full size-full\" alt=\"\" loading=\"lazy\" srcset=\"http:\/\/ozone.ma\/wp-content\/uploads\/2016\/08\/slider-humain.jpg 1143w, http:\/\/ozone.ma\/wp-content\/uploads\/2016\/08\/slider-humain-300x111.jpg 300w, http:\/\/ozone.ma\/wp-content\/uploads\/2016\/08\/slider-humain-768x285.jpg 768w, http:\/\/ozone.ma\/wp-content\/uploads\/2016\/08\/slider-humain-1024x380.jpg 1024w\" sizes=\"(max-width: 1143px) 100vw, 1143px\" \/>\n\t\t\t<\/div><\/figure><figure class='gallery-item'>\n\t\t\t<div class='gallery-icon landscape'>\n\t\t\t\t<img width=\"1143\" height=\"424\" src=\"http:\/\/ozone.ma\/wp-content\/uploads\/2016\/08\/slider-moyen-2.png\" class=\"attachment-full size-full\" alt=\"\" loading=\"lazy\" srcset=\"http:\/\/ozone.ma\/wp-content\/uploads\/2016\/08\/slider-moyen-2.png 1143w, http:\/\/ozone.ma\/wp-content\/uploads\/2016\/08\/slider-moyen-2-300x111.png 300w, http:\/\/ozone.ma\/wp-content\/uploads\/2016\/08\/slider-moyen-2-768x285.png 768w, http:\/\/ozone.ma\/wp-content\/uploads\/2016\/08\/slider-moyen-2-1024x380.png 1024w\" sizes=\"(max-width: 1143px) 100vw, 1143px\" \/>\n\t\t\t<\/div><\/figure><figure class='gallery-item'>\n\t\t\t<div class='gallery-icon landscape'>\n\t\t\t\t<img width=\"1143\" height=\"424\" src=\"http:\/\/ozone.ma\/wp-content\/uploads\/2016\/08\/slider-moyen3-1.png\" class=\"attachment-full size-full\" alt=\"\" loading=\"lazy\" srcset=\"http:\/\/ozone.ma\/wp-content\/uploads\/2016\/08\/slider-moyen3-1.png 1143w, http:\/\/ozone.ma\/wp-content\/uploads\/2016\/08\/slider-moyen3-1-300x111.png 300w, http:\/\/ozone.ma\/wp-content\/uploads\/2016\/08\/slider-moyen3-1-768x285.png 768w, http:\/\/ozone.ma\/wp-content\/uploads\/2016\/08\/slider-moyen3-1-1024x380.png 1024w\" sizes=\"(max-width: 1143px) 100vw, 1143px\" \/>\n\t\t\t<\/div><\/figure><figure class='gallery-item'>\n\t\t\t<div class='gallery-icon landscape'>\n\t\t\t\t<img width=\"1143\" height=\"424\" src=\"http:\/\/ozone.ma\/wp-content\/uploads\/2016\/08\/slider-moyen4.png\" class=\"attachment-full size-full\" alt=\"\" loading=\"lazy\" srcset=\"http:\/\/ozone.ma\/wp-content\/uploads\/2016\/08\/slider-moyen4.png 1143w, http:\/\/ozone.ma\/wp-content\/uploads\/2016\/08\/slider-moyen4-300x111.png 300w, http:\/\/ozone.ma\/wp-content\/uploads\/2016\/08\/slider-moyen4-768x285.png 768w, http:\/\/ozone.ma\/wp-content\/uploads\/2016\/08\/slider-moyen4-1024x380.png 1024w\" sizes=\"(max-width: 1143px) 100vw, 1143px\" \/>\n\t\t\t<\/div><\/figure><figure class='gallery-item'>\n\t\t\t<div class='gallery-icon landscape'>\n\t\t\t\t<img width=\"1143\" height=\"424\" src=\"http:\/\/ozone.ma\/wp-content\/uploads\/2016\/08\/slider-moyen5.png\" class=\"attachment-full size-full\" alt=\"\" loading=\"lazy\" srcset=\"http:\/\/ozone.ma\/wp-content\/uploads\/2016\/08\/slider-moyen5.png 1143w, http:\/\/ozone.ma\/wp-content\/uploads\/2016\/08\/slider-moyen5-300x111.png 300w, http:\/\/ozone.ma\/wp-content\/uploads\/2016\/08\/slider-moyen5-768x285.png 768w, http:\/\/ozone.ma\/wp-content\/uploads\/2016\/08\/slider-moyen5-1024x380.png 1024w\" sizes=\"(max-width: 1143px) 100vw, 1143px\" \/>\n\t\t\t<\/div><\/figure>\n\t\t<\/div>\n\n<hr \/>\n<\/div>\n","protected":false},"excerpt":{"rendered":"<p>Pionnier du domaine de la gestion int\u00e9gr\u00e9e des d\u00e9chets m\u00e9nagers, le Groupe Ozone est conscient de son r\u00f4le social de premier plan dans la vie quotidienne de ses collaborateurs, raison pour laquelle le groupe d\u00e9finit sa responsabilit\u00e9 soci\u00e9tale autour de 4 axes majeurs\u00a0: P\u00e9renniser et stabiliser l\u2019emploi de ses collaborateurs. Am\u00e9liorer de mani\u00e8re continue la [&hellip;]<\/p>\n","protected":false},"author":1,"featured_media":0,"parent":0,"menu_order":12,"comment_status":"closed","ping_status":"closed","template":"","meta":{"_mi_skip_tracking":false},"acf":[],"yoast_head":"<!-- This site is optimized with the Yoast SEO plugin v18.3 - https:\/\/yoast.com\/wordpress\/plugins\/seo\/ -->\n<title>Nos moyens humains - Groupe OZONE<\/title>\n<meta name=\"robots\" content=\"index, follow, max-snippet:-1, max-image-preview:large, max-video-preview:-1\" \/>\n<link rel=\"canonical\" href=\"http:\/\/ozone.ma\/en\/nos-moyens-humains\/\" \/>\n<meta property=\"og:locale\" content=\"en_US\" \/>\n<meta property=\"og:type\" content=\"article\" \/>\n<meta property=\"og:title\" content=\"Nos moyens humains - Groupe OZONE\" \/>\n<meta property=\"og:description\" content=\"Pionnier du domaine de la gestion int\u00e9gr\u00e9e des d\u00e9chets m\u00e9nagers, le Groupe Ozone est conscient de son r\u00f4le social de premier plan dans la vie quotidienne de ses collaborateurs, raison pour laquelle le groupe d\u00e9finit sa responsabilit\u00e9 soci\u00e9tale autour de 4 axes majeurs\u00a0: P\u00e9renniser et stabiliser l\u2019emploi de ses collaborateurs. Am\u00e9liorer de mani\u00e8re continue la [&hellip;]\" \/>\n<meta property=\"og:url\" content=\"http:\/\/ozone.ma\/en\/nos-moyens-humains\/\" \/>\n<meta property=\"og:site_name\" content=\"Groupe OZONE\" \/>\n<meta property=\"article:modified_time\" content=\"2018-08-15T16:29:19+00:00\" \/>\n<meta property=\"og:image\" content=\"http:\/\/ozone.ma\/wp-content\/uploads\/2016\/08\/slider-humain.jpg\" \/>\n<meta name=\"twitter:card\" content=\"summary_large_image\" \/>\n<meta name=\"twitter:label1\" content=\"Est. reading time\" \/>\n\t<meta name=\"twitter:data1\" content=\"1 minute\" \/>\n<script type=\"application\/ld+json\" class=\"yoast-schema-graph\">{\"@context\":\"https:\/\/schema.org\",\"@graph\":[{\"@type\":\"WebSite\",\"@id\":\"https:\/\/ozone.ma\/#website\",\"url\":\"https:\/\/ozone.ma\/\",\"name\":\"Groupe OZONE\",\"description\":\"Leader de la gestion des d\u00e9chets au Maroc\",\"potentialAction\":[{\"@type\":\"SearchAction\",\"target\":{\"@type\":\"EntryPoint\",\"urlTemplate\":\"https:\/\/ozone.ma\/?s={search_term_string}\"},\"query-input\":\"required name=search_term_string\"}],\"inLanguage\":\"en-US\"},{\"@type\":\"ImageObject\",\"@id\":\"http:\/\/ozone.ma\/en\/nos-moyens-humains\/#primaryimage\",\"inLanguage\":\"en-US\",\"url\":\"http:\/\/ozone2.dev4omis.com\/wp-content\/uploads\/2016\/08\/psv.png\",\"contentUrl\":\"http:\/\/ozone2.dev4omis.com\/wp-content\/uploads\/2016\/08\/psv.png\"},{\"@type\":\"WebPage\",\"@id\":\"http:\/\/ozone.ma\/en\/nos-moyens-humains\/#webpage\",\"url\":\"http:\/\/ozone.ma\/en\/nos-moyens-humains\/\",\"name\":\"Nos moyens humains - Groupe OZONE\",\"isPartOf\":{\"@id\":\"https:\/\/ozone.ma\/#website\"},\"primaryImageOfPage\":{\"@id\":\"http:\/\/ozone.ma\/en\/nos-moyens-humains\/#primaryimage\"},\"datePublished\":\"2016-08-25T14:20:19+00:00\",\"dateModified\":\"2018-08-15T16:29:19+00:00\",\"breadcrumb\":{\"@id\":\"http:\/\/ozone.ma\/en\/nos-moyens-humains\/#breadcrumb\"},\"inLanguage\":\"en-US\",\"potentialAction\":[{\"@type\":\"ReadAction\",\"target\":[\"http:\/\/ozone.ma\/en\/nos-moyens-humains\/\"]}]},{\"@type\":\"BreadcrumbList\",\"@id\":\"http:\/\/ozone.ma\/en\/nos-moyens-humains\/#breadcrumb\",\"itemListElement\":[{\"@type\":\"ListItem\",\"position\":1,\"name\":\"Accueil\",\"item\":\"https:\/\/ozone.ma\/\"},{\"@type\":\"ListItem\",\"position\":2,\"name\":\"Nos moyens humains\"}]}]}<\/script>\n<!-- \/ Yoast SEO plugin. -->","yoast_head_json":{"title":"Nos moyens humains - Groupe OZONE","robots":{"index":"index","follow":"follow","max-snippet":"max-snippet:-1","max-image-preview":"max-image-preview:large","max-video-preview":"max-video-preview:-1"},"canonical":"http:\/\/ozone.ma\/en\/nos-moyens-humains\/","og_locale":"en_US","og_type":"article","og_title":"Nos moyens humains - Groupe OZONE","og_description":"Pionnier du domaine de la gestion int\u00e9gr\u00e9e des d\u00e9chets m\u00e9nagers, le Groupe Ozone est conscient de son r\u00f4le social de premier plan dans la vie quotidienne de ses collaborateurs, raison pour laquelle le groupe d\u00e9finit sa responsabilit\u00e9 soci\u00e9tale autour de 4 axes majeurs\u00a0: P\u00e9renniser et stabiliser l\u2019emploi de ses collaborateurs. Am\u00e9liorer de mani\u00e8re continue la [&hellip;]","og_url":"http:\/\/ozone.ma\/en\/nos-moyens-humains\/","og_site_name":"Groupe OZONE","article_modified_time":"2018-08-15T16:29:19+00:00","og_image":[{"url":"http:\/\/ozone.ma\/wp-content\/uploads\/2016\/08\/slider-humain.jpg"}],"twitter_card":"summary_large_image","twitter_misc":{"Est. reading time":"1 minute"},"schema":{"@context":"https:\/\/schema.org","@graph":[{"@type":"WebSite","@id":"https:\/\/ozone.ma\/#website","url":"https:\/\/ozone.ma\/","name":"Groupe OZONE","description":"Leader de la gestion des d\u00e9chets au Maroc","potentialAction":[{"@type":"SearchAction","target":{"@type":"EntryPoint","urlTemplate":"https:\/\/ozone.ma\/?s={search_term_string}"},"query-input":"required name=search_term_string"}],"inLanguage":"en-US"},{"@type":"ImageObject","@id":"http:\/\/ozone.ma\/en\/nos-moyens-humains\/#primaryimage","inLanguage":"en-US","url":"http:\/\/ozone2.dev4omis.com\/wp-content\/uploads\/2016\/08\/psv.png","contentUrl":"http:\/\/ozone2.dev4omis.com\/wp-content\/uploads\/2016\/08\/psv.png"},{"@type":"WebPage","@id":"http:\/\/ozone.ma\/en\/nos-moyens-humains\/#webpage","url":"http:\/\/ozone.ma\/en\/nos-moyens-humains\/","name":"Nos moyens humains - Groupe OZONE","isPartOf":{"@id":"https:\/\/ozone.ma\/#website"},"primaryImageOfPage":{"@id":"http:\/\/ozone.ma\/en\/nos-moyens-humains\/#primaryimage"},"datePublished":"2016-08-25T14:20:19+00:00","dateModified":"2018-08-15T16:29:19+00:00","breadcrumb":{"@id":"http:\/\/ozone.ma\/en\/nos-moyens-humains\/#breadcrumb"},"inLanguage":"en-US","potentialAction":[{"@type":"ReadAction","target":["http:\/\/ozone.ma\/en\/nos-moyens-humains\/"]}]},{"@type":"BreadcrumbList","@id":"http:\/\/ozone.ma\/en\/nos-moyens-humains\/#breadcrumb","itemListElement":[{"@type":"ListItem","position":1,"name":"Accueil","item":"https:\/\/ozone.ma\/"},{"@type":"ListItem","position":2,"name":"Nos moyens humains"}]}]}},"_links":{"self":[{"href":"http:\/\/ozone.ma\/en\/wp-json\/wp\/v2\/pages\/85"}],"collection":[{"href":"http:\/\/ozone.ma\/en\/wp-json\/wp\/v2\/pages"}],"about":[{"href":"http:\/\/ozone.ma\/en\/wp-json\/wp\/v2\/types\/page"}],"author":[{"embeddable":true,"href":"http:\/\/ozone.ma\/en\/wp-json\/wp\/v2\/users\/1"}],"replies":[{"embeddable":true,"href":"http:\/\/ozone.ma\/en\/wp-json\/wp\/v2\/comments?post=85"}],"version-history":[{"count":27,"href":"http:\/\/ozone.ma\/en\/wp-json\/wp\/v2\/pages\/85\/revisions"}],"predecessor-version":[{"id":120,"href":"http:\/\/ozone.ma\/en\/wp-json\/wp\/v2\/pages\/85\/revisions\/120"}],"wp:attachment":[{"href":"http:\/\/ozone.ma\/en\/wp-json\/wp\/v2\/media?parent=85"}],"curies":[{"name":"wp","href":"https:\/\/api.w.org\/{rel}","templated":true}]}}